{"id":1226,"date":"2024-05-30T18:14:35","date_gmt":"2024-05-30T16:14:35","guid":{"rendered":"https:\/\/lgm-conseils.fr\/?post_type=product&#038;p=1226"},"modified":"2024-05-30T18:16:09","modified_gmt":"2024-05-30T16:16:09","slug":"bracelet-de-puissance-quartz-rose","status":"publish","type":"product","link":"https:\/\/lgm-conseils.fr\/index.php\/produit\/bracelet-de-puissance-quartz-rose\/","title":{"rendered":"Bracelet de puissance quartz rose"},"content":{"rendered":"<p><strong>Amour et relations*<\/strong>\u00a0: Aide \u00e0 am\u00e9liorer les relations et \u00e0 attirer l&#8217;amour<br \/><strong>*Gu\u00e9rison \u00e9motionnelle*<\/strong>\u00a0: Aide \u00e0 gu\u00e9rir les blessures \u00e9motionnelles et les peines de c\u0153ur.<br \/><strong>*R\u00e9duction du stress*<\/strong>\u00a0: Apaise et r\u00e9duit le stress et l&#8217;anxi\u00e9t\u00e9.<br \/><strong>*\u00c9nergie positive*<\/strong>\u00a0: Apporte une \u00e9nergie positive et favorise un environnement harmonieux.<\/p>\n","protected":false},"excerpt":{"rendered":"<p>Amour et relations*\u00a0: Aide \u00e0 am\u00e9liorer les relations et \u00e0 attirer l&#8217;amour*Gu\u00e9rison \u00e9motionnelle*\u00a0: Aide \u00e0 gu\u00e9rir les blessures \u00e9motionnelles et les peines de c\u0153ur.*R\u00e9duction du stress*\u00a0: Apaise et r\u00e9duit le stress et l&#8217;anxi\u00e9t\u00e9.*\u00c9nergie positive*\u00a0: Apporte une \u00e9nergie positive et favorise un environnement harmonieux.<\/p>\n","protected":false},"featured_media":1227,"comment_status":"open","ping_status":"closed","template":"","meta":{"ocean_post_layout":"","ocean_both_sidebars_style":"","ocean_both_sidebars_content_width":0,"ocean_both_sidebars_sidebars_width":0,"ocean_sidebar":"","ocean_second_sidebar":"","ocean_disable_margins":"enable","ocean_add_body_class":"","ocean_shortcode_before_top_bar":"","ocean_shortcode_after_top_bar":"","ocean_shortcode_before_header":"","ocean_shortcode_after_header":"","ocean_has_shortcode":"","ocean_shortcode_after_title":"","ocean_shortcode_before_footer_widgets":"","ocean_shortcode_after_footer_widgets":"","ocean_shortcode_before_footer_bottom":"","ocean_shortcode_after_footer_bottom":"","ocean_display_top_bar":"default","ocean_display_header":"default","ocean_header_style":"","ocean_center_header_left_menu":"","ocean_custom_header_template":"","ocean_custom_logo":0,"ocean_custom_retina_logo":0,"ocean_custom_logo_max_width":0,"ocean_custom_logo_tablet_max_width":0,"ocean_custom_logo_mobile_max_width":0,"ocean_custom_logo_max_height":0,"ocean_custom_logo_tablet_max_height":0,"ocean_custom_logo_mobile_max_height":0,"ocean_header_custom_menu":"","ocean_menu_typo_font_family":"","ocean_menu_typo_font_subset":"","ocean_menu_typo_font_size":0,"ocean_menu_typo_font_size_tablet":0,"ocean_menu_typo_font_size_mobile":0,"ocean_menu_typo_font_size_unit":"px","ocean_menu_typo_font_weight":"","ocean_menu_typo_font_weight_tablet":"","ocean_menu_typo_font_weight_mobile":"","ocean_menu_typo_transform":"","ocean_menu_typo_transform_tablet":"","ocean_menu_typo_transform_mobile":"","ocean_menu_typo_line_height":0,"ocean_menu_typo_line_height_tablet":0,"ocean_menu_typo_line_height_mobile":0,"ocean_menu_typo_line_height_unit":"","ocean_menu_typo_spacing":0,"ocean_menu_typo_spacing_tablet":0,"ocean_menu_typo_spacing_mobile":0,"ocean_menu_typo_spacing_unit":"","ocean_menu_link_color":"","ocean_menu_link_color_hover":"","ocean_menu_link_color_active":"","ocean_menu_link_background":"","ocean_menu_link_hover_background":"","ocean_menu_link_active_background":"","ocean_menu_social_links_bg":"","ocean_menu_social_hover_links_bg":"","ocean_menu_social_links_color":"","ocean_menu_social_hover_links_color":"","ocean_disable_title":"default","ocean_disable_heading":"default","ocean_post_title":"","ocean_post_subheading":"","ocean_post_title_style":"","ocean_post_title_background_color":"","ocean_post_title_background":0,"ocean_post_title_bg_image_position":"","ocean_post_title_bg_image_attachment":"","ocean_post_title_bg_image_repeat":"","ocean_post_title_bg_image_size":"","ocean_post_title_height":0,"ocean_post_title_bg_overlay":0.5,"ocean_post_title_bg_overlay_color":"","ocean_disable_breadcrumbs":"default","ocean_breadcrumbs_color":"","ocean_breadcrumbs_separator_color":"","ocean_breadcrumbs_links_color":"","ocean_breadcrumbs_links_hover_color":"","ocean_display_footer_widgets":"default","ocean_display_footer_bottom":"default","ocean_custom_footer_template":""},"product_cat":[28],"product_tag":[],"class_list":{"0":"post-1226","1":"product","2":"type-product","3":"status-publish","4":"has-post-thumbnail","6":"product_cat-bracelets-de-puissance","8":"entry","9":"has-media","11":"first","12":"instock","13":"purchasable","14":"product-type-simple","15":"has-product-nav","16":"col","17":"span_1_of_4","18":"owp-content-center","19":"owp-thumbs-layout-horizontal","20":"owp-btn-normal","21":"owp-tabs-layout-horizontal","22":"has-no-thumbnails"},"jetpack_sharing_enabled":true,"_links":{"self":[{"href":"https:\/\/lgm-conseils.fr\/index.php\/wp-json\/wp\/v2\/product\/1226","targetHints":{"allow":["GET"]}}],"collection":[{"href":"https:\/\/lgm-conseils.fr\/index.php\/wp-json\/wp\/v2\/product"}],"about":[{"href":"https:\/\/lgm-conseils.fr\/index.php\/wp-json\/wp\/v2\/types\/product"}],"replies":[{"embeddable":true,"href":"https:\/\/lgm-conseils.fr\/index.php\/wp-json\/wp\/v2\/comments?post=1226"}],"wp:featuredmedia":[{"embeddable":true,"href":"https:\/\/lgm-conseils.fr\/index.php\/wp-json\/wp\/v2\/media\/1227"}],"wp:attachment":[{"href":"https:\/\/lgm-conseils.fr\/index.php\/wp-json\/wp\/v2\/media?parent=1226"}],"wp:term":[{"taxonomy":"product_cat","embeddable":true,"href":"https:\/\/lgm-conseils.fr\/index.php\/wp-json\/wp\/v2\/product_cat?post=1226"},{"taxonomy":"product_tag","embeddable":true,"href":"https:\/\/lgm-conseils.fr\/index.php\/wp-json\/wp\/v2\/product_tag?post=1226"}],"curies":[{"name":"wp","href":"https:\/\/api.w.org\/{rel}","templated":true}]}}